{"id":185,"date":"2025-07-01T09:04:29","date_gmt":"2025-07-01T14:04:29","guid":{"rendered":"https:\/\/sancheztriana.com\/?page_id=185"},"modified":"2025-07-27T17:13:57","modified_gmt":"2025-07-27T22:13:57","slug":"blogs","status":"publish","type":"page","link":"https:\/\/sancheztriana.com\/index.php\/blogs\/","title":{"rendered":"Blogs"},"content":{"rendered":"\n<hr class=\"wp-block-separator has-alpha-channel-opacity\"\/>\n\n\n\n<div class=\"wp-block-columns is-layout-flex wp-container-core-columns-is-layout-9d6595d7 wp-block-columns-is-layout-flex\">\n<div class=\"wp-block-column is-layout-flow wp-block-column-is-layout-flow\">\n<figure class=\"wp-block-image size-full\"><img loading=\"lazy\" decoding=\"async\" width=\"800\" height=\"533\" src=\"https:\/\/sancheztriana.com\/wp-content\/uploads\/2025\/07\/lao_pdr-luang_prabang-photo_by_sihi-_shutterstock_1609740127.webp\" alt=\"\" class=\"wp-image-187\" srcset=\"https:\/\/sancheztriana.com\/wp-content\/uploads\/2025\/07\/lao_pdr-luang_prabang-photo_by_sihi-_shutterstock_1609740127.webp 800w, https:\/\/sancheztriana.com\/wp-content\/uploads\/2025\/07\/lao_pdr-luang_prabang-photo_by_sihi-_shutterstock_1609740127-300x200.webp 300w, https:\/\/sancheztriana.com\/wp-content\/uploads\/2025\/07\/lao_pdr-luang_prabang-photo_by_sihi-_shutterstock_1609740127-768x512.webp 768w\" sizes=\"auto, (max-width: 800px) 100vw, 800px\" \/><\/figure>\n\n\n\n<p class=\"has-small-font-size\">Mekong river running through Luang Prabang, northern Laos<\/p>\n\n\n\n<div class=\"wp-block-columns is-layout-flex wp-container-core-columns-is-layout-9d6595d7 wp-block-columns-is-layout-flex\">\n<div class=\"wp-block-column is-layout-flow wp-block-column-is-layout-flow\" style=\"flex-basis:66.66%\">\n<p class=\"has-text-color has-link-color wp-elements-39a9e14ac01f6fd5587c7421a6c78f46\" style=\"color:#003870\">Chemical pollution \u2013 the next global crisis <\/p>\n\n\n\n<ul class=\"wp-block-list\">\n<li>World Bank Blogs. Sep 28, 2023<\/li>\n\n\n\n<li><a href=\"https:\/\/blogs.worldbank.org\/climatechange\/chemical-pollution-next-global-crisis\" target=\"_blank\" rel=\"noreferrer noopener\">See more<\/a> <\/li>\n<\/ul>\n<\/div>\n\n\n\n<div class=\"wp-block-column is-layout-flow wp-block-column-is-layout-flow\" style=\"flex-basis:33.33%\">\n<figure class=\"wp-block-image size-full is-resized\"><img loading=\"lazy\" decoding=\"async\" width=\"264\" height=\"70\" src=\"https:\/\/sancheztriana.com\/wp-content\/uploads\/2025\/07\/blg01.png\" alt=\"\" class=\"wp-image-670\" style=\"width:277px;height:auto\"\/><\/figure>\n<\/div>\n<\/div>\n\n\n\n<div class=\"wp-block-columns is-layout-flex wp-container-core-columns-is-layout-9d6595d7 wp-block-columns-is-layout-flex\">\n<div class=\"wp-block-column is-layout-flow wp-block-column-is-layout-flow\" style=\"flex-basis:66.66%\">\n<p class=\"has-text-color has-link-color wp-elements-d15cf0eaecd107534f5e3513034d6f8e\" style=\"color:#003870\">Contaminaci\u00f3n qu\u00edmica: la pr\u00f3xima crisis mundial <\/p>\n\n\n\n<ul class=\"wp-block-list\">\n<li>World Bank Blogs. Sep 28, 2023<\/li>\n\n\n\n<li><a href=\"https:\/\/blogs.worldbank.org\/es\/voices\/contaminacion-quimica-la-proxima-crisis-mundial\" target=\"_blank\" rel=\"noreferrer noopener\">See more<\/a> <\/li>\n<\/ul>\n\n\n\n<p class=\"has-text-color has-link-color wp-elements-7f9f93e51449c443c91c39d0edd59c6a\" style=\"color:#003870\">La pollution chimique, prochaine crise mondiale<\/p>\n\n\n\n<ul class=\"wp-block-list\">\n<li>World Bank Blogs. Sep 28, 2023<\/li>\n\n\n\n<li><a href=\"https:\/\/blogs.worldbank.org\/fr\/voices\/pollution-chimique-prochaine-crise-mondiale\" target=\"_blank\" rel=\"noreferrer noopener\">See more<\/a> <\/li>\n<\/ul>\n\n\n\n<p class=\"has-text-color has-link-color wp-elements-8284ac8bbefb57a4627bac61309c3dd9\" style=\"color:#003870\">\u0627\u0644\u062a\u0644\u0648\u062b \u0627\u0644\u0643\u064a\u0645\u064a\u0627\u0626\u064a: \u0623\u0632\u0645\u0629 \u0639\u0627\u0644\u0645\u064a\u0629 \u0642\u0627\u062f\u0645\u0629<\/p>\n\n\n\n<ul class=\"wp-block-list\">\n<li>World Bank Blogs. Sep 28, 2023<\/li>\n\n\n\n<li><a href=\"https:\/\/blogs.worldbank.org\/ar\/voices\/altlwth-alkymyayy-azmt-almyt-qadmt\" target=\"_blank\" rel=\"noreferrer noopener\">See more<\/a><\/li>\n<\/ul>\n\n\n\n<p class=\"has-text-color has-link-color wp-elements-bd17d66105a53589da240b1b1d4063f3\" style=\"color:#003870\">Fighting air pollution: A deadly killer and a core development challenge <\/p>\n\n\n\n<ul class=\"wp-block-list\">\n<li>World Bank Blogs. Jun 12, 2023<\/li>\n\n\n\n<li><a href=\"https:\/\/blogs.worldbank.org\/health\/fighting-air-pollution-deadly-killer-and-core-development-challenge\" target=\"_blank\" rel=\"noreferrer noopener\">See more<\/a> <\/li>\n<\/ul>\n\n\n\n<p class=\"has-text-color has-link-color wp-elements-673e8474c7639dd7dc2ec835e721dccf\" style=\"color:#003870\">Lao PDR: the Health, Environment, and Sustainable Economic Recovery Nexus<\/p>\n\n\n\n<ul class=\"wp-block-list\">\n<li>World Bank Blogs. Apr 7, 2017<\/li>\n\n\n\n<li><a href=\"https:\/\/blogs.worldbank.org\/eastasiapacific\/lao-pdr-health-environment-and-sustainable-economic-recovery-nexus\" target=\"_blank\" rel=\"noreferrer noopener\">See more<\/a> <\/li>\n<\/ul>\n\n\n\n<p class=\"has-text-color has-link-color wp-elements-cce8a4058ec2d9f9bf99ee1b3a8f9974\" style=\"color:#003870\">Eradicating household air pollution will pay for itself <\/p>\n\n\n\n<ul class=\"wp-block-list\">\n<li>World Bank Blogs.  Feb 21, 2017<\/li>\n\n\n\n<li><a href=\"http:\/\/blogs.worldbank.org\/voices\/eradicating-household-air-pollution-will-pay-itself\" target=\"_blank\" rel=\"noreferrer noopener\">See more<\/a> <\/li>\n<\/ul>\n\n\n\n<p class=\"has-text-color has-link-color wp-elements-cba3638ac9f5bb2866e313d7692b7a5d\" style=\"color:#003870\">El acceso a informaci\u00f3n de calidad es crucial para controlar la contaminaci\u00f3n ambiental de Per\u00fa <\/p>\n\n\n\n<ul class=\"wp-block-list\">\n<li>World Bank Blogs. Jan 31, 2017<\/li>\n\n\n\n<li><a href=\"http:\/\/blogs.worldbank.org\/es\/voices\/informacion-de-calidad-es-crucial-para-controlar-la-contaminacion-ambiental-de-peru\" target=\"_blank\" rel=\"noreferrer noopener\">See more<\/a> <\/li>\n<\/ul>\n\n\n\n<p class=\"has-text-color has-link-color wp-elements-af5654d72d832f959ff9f4a35a38b691\" style=\"color:#003870\">Access to quality information is crucial to tackle Peru\u2019s environmental problems <\/p>\n\n\n\n<ul class=\"wp-block-list\">\n<li>World Bank Blogs.  Feb 17, 2016<\/li>\n\n\n\n<li><a href=\"http:\/\/blogs.worldbank.org\/voices\/access-quality-information-crucial-tackle-peru-s-environmental-problems\" target=\"_blank\" rel=\"noreferrer noopener\">See more<\/a> <\/li>\n<\/ul>\n\n\n\n<p class=\"has-text-color has-link-color wp-elements-e023341b32dce4d14260db8fbc0ff312\" style=\"color:#003870\">Lead pollution robs children of their futures<\/p>\n\n\n\n<ul class=\"wp-block-list\">\n<li>World Bank Blogs.  Feb 17, 2016<\/li>\n\n\n\n<li><a href=\"http:\/\/blogs.worldbank.org\/voices\/lead-pollution-robs-children-their-futures\" target=\"_blank\" rel=\"noreferrer noopener\">See more<\/a><\/li>\n<\/ul>\n\n\n\n<p class=\"has-text-color has-link-color wp-elements-08f9746d752d92165af822ed1c020732\" style=\"color:#003870\">Clean air as a poverty reduction priority<\/p>\n\n\n\n<ul class=\"wp-block-list\">\n<li>World Bank Blogs.  Aug 3, 2015<\/li>\n\n\n\n<li><a href=\"http:\/\/blogs.worldbank.org\/voices\/clean-air-poverty-reduction-priority\" target=\"_blank\" rel=\"noreferrer noopener\">See more<\/a> Aug 3, 2015<\/li>\n<\/ul>\n<\/div>\n\n\n\n<div class=\"wp-block-column is-layout-flow wp-block-column-is-layout-flow\" style=\"flex-basis:33.33%\">\n<figure class=\"wp-block-image size-full\"><img loading=\"lazy\" decoding=\"async\" width=\"600\" height=\"57\" src=\"https:\/\/sancheztriana.com\/wp-content\/uploads\/2025\/05\/blank-e1752245391750.jpg\" alt=\"\" class=\"wp-image-64\" srcset=\"https:\/\/sancheztriana.com\/wp-content\/uploads\/2025\/05\/blank-e1752245391750.jpg 600w, https:\/\/sancheztriana.com\/wp-content\/uploads\/2025\/05\/blank-e1752245391750-300x29.jpg 300w\" sizes=\"auto, (max-width: 600px) 100vw, 600px\" \/><\/figure>\n<\/div>\n<\/div>\n<\/div>\n<\/div>\n\n\n\n<hr class=\"wp-block-separator has-alpha-channel-opacity\"\/>\n","protected":false},"excerpt":{"rendered":"<div class=\"entry-summary\">\nMekong river running through Luang Prabang, northern Laos Chemical pollution \u2013 the next global crisis Contaminaci\u00f3n qu\u00edmica: la pr\u00f3xima crisis&hellip;\n<\/div>\n<div class=\"link-more\"><a href=\"https:\/\/sancheztriana.com\/index.php\/blogs\/\" class=\"more-link\">Continue reading<span class=\"screen-reader-text\"> &ldquo;Blogs&rdquo;<\/span>&hellip;<\/a><\/div>\n","protected":false},"author":1,"featured_media":0,"parent":0,"menu_order":0,"comment_status":"closed","ping_status":"closed","template":"","meta":{"footnotes":""},"class_list":["post-185","page","type-page","status-publish","hentry","entry"],"_links":{"self":[{"href":"https:\/\/sancheztriana.com\/index.php\/wp-json\/wp\/v2\/pages\/185","targetHints":{"allow":["GET"]}}],"collection":[{"href":"https:\/\/sancheztriana.com\/index.php\/wp-json\/wp\/v2\/pages"}],"about":[{"href":"https:\/\/sancheztriana.com\/index.php\/wp-json\/wp\/v2\/types\/page"}],"author":[{"embeddable":true,"href":"https:\/\/sancheztriana.com\/index.php\/wp-json\/wp\/v2\/users\/1"}],"replies":[{"embeddable":true,"href":"https:\/\/sancheztriana.com\/index.php\/wp-json\/wp\/v2\/comments?post=185"}],"version-history":[{"count":33,"href":"https:\/\/sancheztriana.com\/index.php\/wp-json\/wp\/v2\/pages\/185\/revisions"}],"predecessor-version":[{"id":766,"href":"https:\/\/sancheztriana.com\/index.php\/wp-json\/wp\/v2\/pages\/185\/revisions\/766"}],"wp:attachment":[{"href":"https:\/\/sancheztriana.com\/index.php\/wp-json\/wp\/v2\/media?parent=185"}],"curies":[{"name":"wp","href":"https:\/\/api.w.org\/{rel}","templated":true}]}}