{"id":347,"date":"2025-07-11T09:15:27","date_gmt":"2025-07-11T14:15:27","guid":{"rendered":"https:\/\/sancheztriana.com\/?page_id=347"},"modified":"2025-07-27T15:46:57","modified_gmt":"2025-07-27T20:46:57","slug":"working-papers","status":"publish","type":"page","link":"https:\/\/sancheztriana.com\/index.php\/working-papers\/","title":{"rendered":"Working Papers"},"content":{"rendered":"\n<hr class=\"wp-block-separator has-alpha-channel-opacity\"\/>\n\n\n\n<div class=\"wp-block-columns is-layout-flex wp-container-core-columns-is-layout-9d6595d7 wp-block-columns-is-layout-flex\">\n<div class=\"wp-block-column is-layout-flow wp-block-column-is-layout-flow\" style=\"flex-basis:66.66%\">\n<p class=\"has-text-color has-link-color wp-elements-6f06039db39a79b2e269de562f389a95\" style=\"color:#003087\">Rent seeking and institutional entrepreneurship at Colombia\u2019s Cauca Valley Corporation.<\/p>\n\n\n\n<ul class=\"wp-block-list\">\n<li>Green Growth Knowledge Platform (GGKP) Third Annual Conference Fiscal Policies and the Green Economy Transition: Generating Knowledge \u2013 Creating Impact 29-30 January, 2015 Ca\u2019 Foscari University of Venice, Venice, Italy.<\/li>\n\n\n\n<li>January, 2015 [<a href=\"https:\/\/www.greenpolicyplatform.org\/sites\/default\/files\/Sanchez-Triana_Rent_Seeking_and_Institutional_Entrepeneurship.pdf\" target=\"_blank\" rel=\"noreferrer noopener\">See more<\/a>]<\/li>\n<\/ul>\n<\/div>\n\n\n\n<div class=\"wp-block-column is-layout-flow wp-block-column-is-layout-flow\" style=\"flex-basis:33.33%\">\n<figure class=\"wp-block-image size-full\"><img loading=\"lazy\" decoding=\"async\" width=\"402\" height=\"528\" src=\"https:\/\/sancheztriana.com\/wp-content\/uploads\/2025\/07\/WP_01.png\" alt=\"\" class=\"wp-image-494\" srcset=\"https:\/\/sancheztriana.com\/wp-content\/uploads\/2025\/07\/WP_01.png 402w, https:\/\/sancheztriana.com\/wp-content\/uploads\/2025\/07\/WP_01-228x300.png 228w\" sizes=\"auto, (max-width: 402px) 100vw, 402px\" \/><\/figure>\n<\/div>\n<\/div>\n\n\n\n<div class=\"wp-block-columns is-layout-flex wp-container-core-columns-is-layout-9d6595d7 wp-block-columns-is-layout-flex\">\n<div class=\"wp-block-column is-layout-flow wp-block-column-is-layout-flow\" style=\"flex-basis:66.66%\">\n<p class=\"has-text-color has-link-color wp-elements-7f96f97f2f75d883c03d8f4b12c02d37\" style=\"color:#003087\">Policies and options for abating urban air pollution from mobile sources in Karachi, Pakistan<\/p>\n\n\n\n<ul class=\"wp-block-list\">\n<li>November 1, 2012 [<a href=\"http:\/\/documents.worldbank.org\/curated\/en\/917541468325182564\/null\" target=\"_blank\" rel=\"noreferrer noopener\">See more<\/a>]<\/li>\n<\/ul>\n<\/div>\n\n\n\n<div class=\"wp-block-column is-layout-flow wp-block-column-is-layout-flow\" style=\"flex-basis:33.33%\">\n<figure class=\"wp-block-image size-full\"><img loading=\"lazy\" decoding=\"async\" width=\"694\" height=\"958\" src=\"https:\/\/sancheztriana.com\/wp-content\/uploads\/2025\/07\/WP_02.png\" alt=\"\" class=\"wp-image-498\" srcset=\"https:\/\/sancheztriana.com\/wp-content\/uploads\/2025\/07\/WP_02.png 694w, https:\/\/sancheztriana.com\/wp-content\/uploads\/2025\/07\/WP_02-217x300.png 217w\" sizes=\"auto, (max-width: 694px) 100vw, 694px\" \/><\/figure>\n<\/div>\n<\/div>\n\n\n\n<div class=\"wp-block-columns is-layout-flex wp-container-core-columns-is-layout-9d6595d7 wp-block-columns-is-layout-flex\">\n<div class=\"wp-block-column is-layout-flow wp-block-column-is-layout-flow\" style=\"flex-basis:66.66%\">\n<p class=\"has-text-color has-link-color wp-elements-c38eeb16d6d4a7f8219b8f1186ecacb2\" style=\"color:#003087\">Legal Framework of Environmental Impact Assessment in Latin America 2015<\/p>\n\n\n\n<ul class=\"wp-block-list\">\n<li>January 1, 2015 [<a href=\"http:\/\/documents.worldbank.org\/curated\/en\/901091566831025907\/null\" target=\"_blank\" rel=\"noreferrer noopener\">See more<\/a>]<\/li>\n<\/ul>\n\n\n\n<p class=\"has-text-color has-link-color wp-elements-b59c6181914f50a51faf9c35af25322d\" style=\"color:#003087\">Environment strategy 2010 : analytical background papers<\/p>\n\n\n\n<ul class=\"wp-block-list\">\n<li>March 1, 2011 [<a href=\"http:\/\/documents.worldbank.org\/curated\/en\/355491468333022953\/null\" target=\"_blank\" rel=\"noreferrer noopener\">See more<\/a>]<\/li>\n<\/ul>\n<\/div>\n\n\n\n<div class=\"wp-block-column is-layout-flow wp-block-column-is-layout-flow\" style=\"flex-basis:33.33%\"><\/div>\n<\/div>\n\n\n\n<div class=\"wp-block-columns is-layout-flex wp-container-core-columns-is-layout-9d6595d7 wp-block-columns-is-layout-flex\">\n<div class=\"wp-block-column is-layout-flow wp-block-column-is-layout-flow\" style=\"flex-basis:66.66%\">\n<p class=\"has-text-color has-link-color wp-elements-c7d40ee4fa380a4e9d3e6fcc3d19af99\" style=\"color:#003087\">Using strategic assessments for environmental mainstreaming in the water and sanitation sector : the case of Argentina and Colombia.<\/p>\n\n\n\n<ul class=\"wp-block-list\">\n<li>December 1, 2005 [<a href=\"http:\/\/documents.worldbank.org\/curated\/en\/919541468194074219\/null\" target=\"_blank\" rel=\"noreferrer noopener\">See more<\/a>]<\/li>\n<\/ul>\n<\/div>\n\n\n\n<div class=\"wp-block-column is-layout-flow wp-block-column-is-layout-flow\" style=\"flex-basis:33.33%\">\n<figure class=\"wp-block-image size-full\"><img loading=\"lazy\" decoding=\"async\" width=\"694\" height=\"958\" src=\"https:\/\/sancheztriana.com\/wp-content\/uploads\/2025\/07\/WP_03.png\" alt=\"\" class=\"wp-image-500\" srcset=\"https:\/\/sancheztriana.com\/wp-content\/uploads\/2025\/07\/WP_03.png 694w, https:\/\/sancheztriana.com\/wp-content\/uploads\/2025\/07\/WP_03-217x300.png 217w\" sizes=\"auto, (max-width: 694px) 100vw, 694px\" \/><\/figure>\n<\/div>\n<\/div>\n\n\n\n<div class=\"wp-block-columns is-layout-flex wp-container-core-columns-is-layout-9d6595d7 wp-block-columns-is-layout-flex\">\n<div class=\"wp-block-column is-layout-flow wp-block-column-is-layout-flow\" style=\"flex-basis:66.66%\">\n<p class=\"has-text-color has-link-color wp-elements-fdc4316609f5d6c3c742c9e37329fe13\" style=\"color:#003087\">Pakistan \u2013 Green industrial growth : mainstreaming environmental sustainability in Pakistan\u2019s industrial sector.<\/p>\n\n\n\n<ul class=\"wp-block-list\">\n<li>August 1, 2012 [<a href=\"https:\/\/documents.worldbank.org\/en\/publication\/documents-reports\/documentdetail\/965361468084529244\/null\" target=\"_blank\" rel=\"noreferrer noopener\">See more<\/a>]<\/li>\n<\/ul>\n<\/div>\n\n\n\n<div class=\"wp-block-column is-layout-flow wp-block-column-is-layout-flow\" style=\"flex-basis:33.33%\">\n<figure class=\"wp-block-image size-full\"><img loading=\"lazy\" decoding=\"async\" width=\"666\" height=\"855\" src=\"https:\/\/sancheztriana.com\/wp-content\/uploads\/2025\/07\/WP_04.png\" alt=\"\" class=\"wp-image-506\" srcset=\"https:\/\/sancheztriana.com\/wp-content\/uploads\/2025\/07\/WP_04.png 666w, https:\/\/sancheztriana.com\/wp-content\/uploads\/2025\/07\/WP_04-234x300.png 234w\" sizes=\"auto, (max-width: 666px) 100vw, 666px\" \/><\/figure>\n<\/div>\n<\/div>\n\n\n\n<div class=\"wp-block-columns is-layout-flex wp-container-core-columns-is-layout-9d6595d7 wp-block-columns-is-layout-flex\">\n<div class=\"wp-block-column is-layout-flow wp-block-column-is-layout-flow\" style=\"flex-basis:66.66%\">\n<p class=\"has-text-color has-link-color wp-elements-0216c01c3db289e13ee7842ffe3024a4\" style=\"color:#003087\">Using policy-based strategic environmental assessments in water supply and sanitation sector reforms: the cases of Argentina and Colombia<\/p>\n\n\n\n<ul class=\"wp-block-list\">\n<li>Feb 2012 [<a href=\"https:\/\/www.tandfonline.com\/doi\/epdf\/10.3152\/146155107X233453?needAccess=true\" target=\"_blank\" rel=\"noreferrer noopener\">See more<\/a>]<\/li>\n<\/ul>\n\n\n\n<p class=\"has-text-color has-link-color wp-elements-999d315dd2dd40acb0d7c6e053d7e088\" style=\"color:#003087\">Policy Strategic Environmental Assessment for the Colombian Energy Sector.<\/p>\n\n\n\n<ul class=\"wp-block-list\">\n<li>Aug 1996<\/li>\n<\/ul>\n\n\n\n<p class=\"has-text-color has-link-color wp-elements-ca7b793638d5870788b7c82e6559ac5b\" style=\"color:#003087\">Hacia una sana pol\u00edtica petrolera. <\/p>\n\n\n\n<ul class=\"wp-block-list\">\n<li>Fedesarrollo. Bogota. Colombia<\/li>\n\n\n\n<li>March 1991 [<a href=\"https:\/\/www.repository.fedesarrollo.org.co\/handle\/11445\/1357\">See more<\/a>]<\/li>\n<\/ul>\n\n\n\n<p class=\"has-text-color has-link-color wp-elements-2f0e7c9a4d177149436e7c748463d506\" style=\"color:#003087\">Contaminaci\u00f3n atmosf\u00e9rica por fuentes m\u00f3viles<\/p>\n\n\n\n<ul class=\"wp-block-list\">\n<li>Fedesarrollo. Bogota. Colombia<\/li>\n\n\n\n<li>Aug 1992 [<a href=\"https:\/\/www.repository.fedesarrollo.org.co\/handle\/11445\/1337\" target=\"_blank\" rel=\"noreferrer noopener\">See more<\/a>]<\/li>\n<\/ul>\n<\/div>\n\n\n\n<div class=\"wp-block-column is-layout-flow wp-block-column-is-layout-flow\" style=\"flex-basis:33.33%\"><\/div>\n<\/div>\n\n\n\n<hr class=\"wp-block-separator has-alpha-channel-opacity\"\/>\n","protected":false},"excerpt":{"rendered":"<div class=\"entry-summary\">\nRent seeking and institutional entrepreneurship at Colombia\u2019s Cauca Valley Corporation. Policies and options for abating urban air pollution from mobile&hellip;\n<\/div>\n<div class=\"link-more\"><a href=\"https:\/\/sancheztriana.com\/index.php\/working-papers\/\" class=\"more-link\">Continue reading<span class=\"screen-reader-text\"> &ldquo;Working Papers&rdquo;<\/span>&hellip;<\/a><\/div>\n","protected":false},"author":1,"featured_media":0,"parent":0,"menu_order":0,"comment_status":"closed","ping_status":"closed","template":"","meta":{"footnotes":""},"class_list":["post-347","page","type-page","status-publish","hentry","entry"],"_links":{"self":[{"href":"https:\/\/sancheztriana.com\/index.php\/wp-json\/wp\/v2\/pages\/347","targetHints":{"allow":["GET"]}}],"collection":[{"href":"https:\/\/sancheztriana.com\/index.php\/wp-json\/wp\/v2\/pages"}],"about":[{"href":"https:\/\/sancheztriana.com\/index.php\/wp-json\/wp\/v2\/types\/page"}],"author":[{"embeddable":true,"href":"https:\/\/sancheztriana.com\/index.php\/wp-json\/wp\/v2\/users\/1"}],"replies":[{"embeddable":true,"href":"https:\/\/sancheztriana.com\/index.php\/wp-json\/wp\/v2\/comments?post=347"}],"version-history":[{"count":32,"href":"https:\/\/sancheztriana.com\/index.php\/wp-json\/wp\/v2\/pages\/347\/revisions"}],"predecessor-version":[{"id":713,"href":"https:\/\/sancheztriana.com\/index.php\/wp-json\/wp\/v2\/pages\/347\/revisions\/713"}],"wp:attachment":[{"href":"https:\/\/sancheztriana.com\/index.php\/wp-json\/wp\/v2\/media?parent=347"}],"curies":[{"name":"wp","href":"https:\/\/api.w.org\/{rel}","templated":true}]}}