{"id":624,"date":"2025-07-25T15:34:06","date_gmt":"2025-07-25T20:34:06","guid":{"rendered":"https:\/\/sancheztriana.com\/?page_id=624"},"modified":"2025-07-27T15:58:33","modified_gmt":"2025-07-27T20:58:33","slug":"media","status":"publish","type":"page","link":"https:\/\/sancheztriana.com\/index.php\/media\/","title":{"rendered":"Media"},"content":{"rendered":"\n<hr class=\"wp-block-separator has-alpha-channel-opacity\"\/>\n\n\n\n<div class=\"wp-block-columns is-layout-flex wp-container-core-columns-is-layout-9d6595d7 wp-block-columns-is-layout-flex\">\n<div class=\"wp-block-column is-layout-flow wp-block-column-is-layout-flow\">\n<div class=\"wp-block-columns is-layout-flex wp-container-core-columns-is-layout-9d6595d7 wp-block-columns-is-layout-flex\">\n<div class=\"wp-block-column is-layout-flow wp-block-column-is-layout-flow\" style=\"flex-basis:66.66%\">\n<p class=\"has-text-color has-link-color wp-elements-1946230dc1a14742c9b1d99a55d35aa3\" style=\"color:#003870\">A new study says the global toll of lead exposure is even worse than we thought. <\/p>\n\n\n\n<ul class=\"wp-block-list\">\n<li>npr. Nov 20, 2023<\/li>\n\n\n\n<li><a href=\"https:\/\/www.npr.org\/sections\/goatsandsoda\/2023\/11\/20\/1213841798\/a-new-study-says-the-global-toll-of-lead-exposure-is-even-worse-than-we-thought\" target=\"_blank\" rel=\"noreferrer noopener\">See more<\/a>.<\/li>\n<\/ul>\n<\/div>\n\n\n\n<div class=\"wp-block-column is-vertically-aligned-center is-layout-flow wp-block-column-is-layout-flow\" style=\"flex-basis:33.33%\"><div class=\"wp-block-image\">\n<figure class=\"aligncenter size-large is-resized\"><img loading=\"lazy\" decoding=\"async\" width=\"1024\" height=\"341\" src=\"https:\/\/sancheztriana.com\/wp-content\/uploads\/2025\/07\/npr-logo-2025-1024x341.png\" alt=\"\" class=\"wp-image-630\" style=\"width:240px;height:auto\" srcset=\"https:\/\/sancheztriana.com\/wp-content\/uploads\/2025\/07\/npr-logo-2025-1024x341.png 1024w, https:\/\/sancheztriana.com\/wp-content\/uploads\/2025\/07\/npr-logo-2025-300x100.png 300w, https:\/\/sancheztriana.com\/wp-content\/uploads\/2025\/07\/npr-logo-2025-768x256.png 768w, https:\/\/sancheztriana.com\/wp-content\/uploads\/2025\/07\/npr-logo-2025-1536x512.png 1536w, https:\/\/sancheztriana.com\/wp-content\/uploads\/2025\/07\/npr-logo-2025-2048x683.png 2048w\" sizes=\"auto, (max-width: 1024px) 100vw, 1024px\" \/><\/figure>\n<\/div><\/div>\n<\/div>\n\n\n\n<div class=\"wp-block-columns is-layout-flex wp-container-core-columns-is-layout-9d6595d7 wp-block-columns-is-layout-flex\">\n<div class=\"wp-block-column is-layout-flow wp-block-column-is-layout-flow\" style=\"flex-basis:66.66%\">\n<p class=\"has-text-color has-link-color wp-elements-7e5f0582108f28997ddda875a1b4d712\" style=\"color:#003870\">Lead poisoning could be killing more people than HIV, malaria, and car accidents combined <\/p>\n\n\n\n<ul class=\"wp-block-list\">\n<li>Vox. Sep 14, 2023<\/li>\n\n\n\n<li><a href=\"https:\/\/www.vox.com\/future-perfect\/2023\/9\/14\/23868347\/lead-poisoning-death-toll-world-bank-pure-earth\" target=\"_blank\" rel=\"noreferrer noopener\">See more<\/a><\/li>\n<\/ul>\n<\/div>\n\n\n\n<div class=\"wp-block-column is-layout-flow wp-block-column-is-layout-flow\" style=\"flex-basis:33.33%\"><div class=\"wp-block-image\">\n<figure class=\"aligncenter size-full\"><img loading=\"lazy\" decoding=\"async\" width=\"389\" height=\"202\" src=\"https:\/\/sancheztriana.com\/wp-content\/uploads\/2025\/07\/med02.png\" alt=\"\" class=\"wp-image-635\" srcset=\"https:\/\/sancheztriana.com\/wp-content\/uploads\/2025\/07\/med02.png 389w, https:\/\/sancheztriana.com\/wp-content\/uploads\/2025\/07\/med02-300x156.png 300w\" sizes=\"auto, (max-width: 389px) 100vw, 389px\" \/><\/figure>\n<\/div><\/div>\n<\/div>\n\n\n\n<div class=\"wp-block-columns is-layout-flex wp-container-core-columns-is-layout-9d6595d7 wp-block-columns-is-layout-flex\">\n<div class=\"wp-block-column is-layout-flow wp-block-column-is-layout-flow\" style=\"flex-basis:66.66%\">\n<p class=\"has-text-color has-link-color wp-elements-f29c30705c2e478270d2a4132e95f15f\" style=\"color:#003870\">Lead Poisoning Poses Significant Global Health Threat, Potentially Causing Over Five Million Annual Deaths<\/p>\n\n\n\n<ul class=\"wp-block-list\">\n<li>The science Times. Sep 13, 2023<\/li>\n\n\n\n<li><a href=\"https:\/\/www.sciencetimes.com\/articles\/45953\/20230913\/lead-poisoning-poses-significant-global-health-threat-potentially-causing-over.htm\" target=\"_blank\" rel=\"noreferrer noopener\">See more<\/a><\/li>\n<\/ul>\n<\/div>\n\n\n\n<div class=\"wp-block-column is-vertically-aligned-center is-layout-flow wp-block-column-is-layout-flow\" style=\"flex-basis:33.33%\">\n<figure class=\"wp-block-image size-full\"><img loading=\"lazy\" decoding=\"async\" width=\"487\" height=\"83\" src=\"https:\/\/sancheztriana.com\/wp-content\/uploads\/2025\/07\/med03.png\" alt=\"\" class=\"wp-image-637\" srcset=\"https:\/\/sancheztriana.com\/wp-content\/uploads\/2025\/07\/med03.png 487w, https:\/\/sancheztriana.com\/wp-content\/uploads\/2025\/07\/med03-300x51.png 300w\" sizes=\"auto, (max-width: 487px) 100vw, 487px\" \/><\/figure>\n<\/div>\n<\/div>\n\n\n\n<div class=\"wp-block-columns is-layout-flex wp-container-core-columns-is-layout-9d6595d7 wp-block-columns-is-layout-flex\">\n<div class=\"wp-block-column is-layout-flow wp-block-column-is-layout-flow\" style=\"flex-basis:66.66%\">\n<p class=\"has-text-color has-link-color wp-elements-1f42d9d59d4fbd6c2febd7319ff85807\" style=\"color:#003870\">\u2018Astonishing\u2019 Rates of CVD Linked to Lead Exposure<\/p>\n\n\n\n<ul class=\"wp-block-list\">\n<li>tct MD. Sep 13, 2023<\/li>\n\n\n\n<li><a href=\"https:\/\/www.tctmd.com\/news\/astonishing-rates-cvd-linked-lead-exposure\" target=\"_blank\" rel=\"noreferrer noopener\">See more<\/a><\/li>\n<\/ul>\n<\/div>\n\n\n\n<div class=\"wp-block-column is-vertically-aligned-center is-layout-flow wp-block-column-is-layout-flow\" style=\"flex-basis:33.33%\"><div class=\"wp-block-image\">\n<figure class=\"aligncenter size-full\"><img loading=\"lazy\" decoding=\"async\" width=\"299\" height=\"81\" src=\"https:\/\/sancheztriana.com\/wp-content\/uploads\/2025\/07\/med04.png\" alt=\"\" class=\"wp-image-639\"\/><\/figure>\n<\/div><\/div>\n<\/div>\n\n\n\n<div class=\"wp-block-columns is-layout-flex wp-container-core-columns-is-layout-9d6595d7 wp-block-columns-is-layout-flex\">\n<div class=\"wp-block-column is-layout-flow wp-block-column-is-layout-flow\" style=\"flex-basis:66.66%\">\n<p class=\"has-text-color has-link-color wp-elements-2740fe3e38e30e987b7b28654399b54d\" style=\"color:#003870\">Global health burden and cost of lead exposure in children and adults: a health impact and economic modelling analysis <\/p>\n\n\n\n<ul class=\"wp-block-list\">\n<li>PubMed. Sep 12, 2023<\/li>\n\n\n\n<li><a href=\"https:\/\/pubmed.ncbi.nlm.nih.gov\/37714172\/\" target=\"_blank\" rel=\"noreferrer noopener\">See more<\/a><\/li>\n<\/ul>\n<\/div>\n\n\n\n<div class=\"wp-block-column is-layout-flow wp-block-column-is-layout-flow\" style=\"flex-basis:33.33%\">\n<figure class=\"wp-block-image size-full is-resized\"><img loading=\"lazy\" decoding=\"async\" width=\"202\" height=\"69\" src=\"https:\/\/sancheztriana.com\/wp-content\/uploads\/2025\/07\/med05.png\" alt=\"\" class=\"wp-image-642\" style=\"width:277px;height:auto\"\/><\/figure>\n<\/div>\n<\/div>\n\n\n\n<div class=\"wp-block-columns is-layout-flex wp-container-core-columns-is-layout-9d6595d7 wp-block-columns-is-layout-flex\">\n<div class=\"wp-block-column is-layout-flow wp-block-column-is-layout-flow\" style=\"flex-basis:66.66%\">\n<p class=\"has-text-color has-link-color wp-elements-e87ec7533208c3ffcbb7f393e9589633\" style=\"color:#003870\">Global lead exposure greater CVD risk factor than smoking, cholesterol <\/p>\n\n\n\n<ul class=\"wp-block-list\">\n<li>Healio. Sep 12, 2023<\/li>\n\n\n\n<li><a href=\"https:\/\/www.healio.com\/news\/cardiology\/20230912\/global-lead-exposure-greater-cvd-risk-factor-than-smoking-cholesterol\" target=\"_blank\" rel=\"noreferrer noopener\">See more<\/a><\/li>\n<\/ul>\n<\/div>\n\n\n\n<div class=\"wp-block-column is-vertically-aligned-top is-layout-flow wp-block-column-is-layout-flow\" style=\"flex-basis:33.33%\"><div class=\"wp-block-image\">\n<figure class=\"aligncenter size-full\"><img loading=\"lazy\" decoding=\"async\" width=\"421\" height=\"128\" src=\"https:\/\/sancheztriana.com\/wp-content\/uploads\/2025\/07\/med06.png\" alt=\"\" class=\"wp-image-646\" srcset=\"https:\/\/sancheztriana.com\/wp-content\/uploads\/2025\/07\/med06.png 421w, https:\/\/sancheztriana.com\/wp-content\/uploads\/2025\/07\/med06-300x91.png 300w\" sizes=\"auto, (max-width: 421px) 100vw, 421px\" \/><\/figure>\n<\/div><\/div>\n<\/div>\n\n\n\n<div class=\"wp-block-columns is-layout-flex wp-container-core-columns-is-layout-9d6595d7 wp-block-columns-is-layout-flex\">\n<div class=\"wp-block-column is-layout-flow wp-block-column-is-layout-flow\" style=\"flex-basis:66.66%\">\n<p class=\"has-text-color has-link-color wp-elements-291a518060dd6cc60bb57d60ff21ea5d\" style=\"color:#003870\">Schleichende Vergiftungen: Immense Sch\u00e4den durch Blei in \u00e4rmeren L\u00e4ndern<\/p>\n\n\n\n<ul class=\"wp-block-list\">\n<li>Tagesspiegel. Sep 12, 2023<\/li>\n\n\n\n<li><a href=\"https:\/\/www.tagesspiegel.de\/wissen\/schleichende-vergiftungen-immense-schaden-durch-blei-in-armeren-landern-10454830.html\" target=\"_blank\" rel=\"noreferrer noopener\">See more<\/a><\/li>\n<\/ul>\n<\/div>\n\n\n\n<div class=\"wp-block-column is-vertically-aligned-center is-layout-flow wp-block-column-is-layout-flow\" style=\"flex-basis:33.33%\">\n<figure class=\"wp-block-image size-full\"><img loading=\"lazy\" decoding=\"async\" width=\"333\" height=\"73\" src=\"https:\/\/sancheztriana.com\/wp-content\/uploads\/2025\/07\/med07.png\" alt=\"\" class=\"wp-image-649\" srcset=\"https:\/\/sancheztriana.com\/wp-content\/uploads\/2025\/07\/med07.png 333w, https:\/\/sancheztriana.com\/wp-content\/uploads\/2025\/07\/med07-300x66.png 300w\" sizes=\"auto, (max-width: 333px) 100vw, 333px\" \/><\/figure>\n<\/div>\n<\/div>\n\n\n\n<div class=\"wp-block-columns is-layout-flex wp-container-core-columns-is-layout-9d6595d7 wp-block-columns-is-layout-flex\">\n<div class=\"wp-block-column is-layout-flow wp-block-column-is-layout-flow\" style=\"flex-basis:66.66%\">\n<p class=\"has-text-color has-link-color wp-elements-73dd3a912c2ac7d1d7f80cf6e94fe6f9\" style=\"color:#003870\">Cardiovascular disease deaths and IQ loss caused by lead exposure far higher than previous estimates, global study indicates<\/p>\n\n\n\n<ul class=\"wp-block-list\">\n<li>EurekAlert | AAAS. Sep 11, 2023<\/li>\n\n\n\n<li><a href=\"https:\/\/www.eurekalert.org\/news-releases\/1001215\" target=\"_blank\" rel=\"noreferrer noopener\">See more<\/a> 11, 2023<\/li>\n<\/ul>\n<\/div>\n\n\n\n<div class=\"wp-block-column is-vertically-aligned-center is-layout-flow wp-block-column-is-layout-flow\" style=\"flex-basis:33.33%\">\n<figure class=\"wp-block-image size-full\"><img loading=\"lazy\" decoding=\"async\" width=\"285\" height=\"70\" src=\"https:\/\/sancheztriana.com\/wp-content\/uploads\/2025\/07\/med087.png\" alt=\"\" class=\"wp-image-654\"\/><\/figure>\n<\/div>\n<\/div>\n\n\n\n<div class=\"wp-block-columns is-layout-flex wp-container-core-columns-is-layout-9d6595d7 wp-block-columns-is-layout-flex\">\n<div class=\"wp-block-column is-layout-flow wp-block-column-is-layout-flow\" style=\"flex-basis:66.66%\">\n<p class=\"has-text-color has-link-color wp-elements-bb2b30eb1cf5aa13186f5084f0c4a592\" style=\"color:#003870\">Pollution and health: a progress update<\/p>\n\n\n\n<ul class=\"wp-block-list\">\n<li>June 2020<\/li>\n\n\n\n<li><a href=\"https:\/\/www.thelancet.com\/journals\/lanplh\/article\/PIIS2542-5196(22)00090-0\/fulltext\" target=\"_blank\" rel=\"noreferrer noopener\">See more<\/a><\/li>\n<\/ul>\n<\/div>\n\n\n\n<div class=\"wp-block-column is-vertically-aligned-center is-layout-flow wp-block-column-is-layout-flow\" style=\"flex-basis:33.33%\">\n<figure class=\"wp-block-image size-full is-resized\"><img loading=\"lazy\" decoding=\"async\" width=\"178\" height=\"54\" src=\"https:\/\/sancheztriana.com\/wp-content\/uploads\/2025\/07\/med09.png\" alt=\"\" class=\"wp-image-658\" style=\"width:277px;height:auto\"\/><\/figure>\n<\/div>\n<\/div>\n\n\n\n<div class=\"wp-block-columns is-layout-flex wp-container-core-columns-is-layout-9d6595d7 wp-block-columns-is-layout-flex\">\n<div class=\"wp-block-column is-layout-flow wp-block-column-is-layout-flow\" style=\"flex-basis:66.66%\">\n<p class=\"has-text-color has-link-color wp-elements-7f501652dd21cb5eb600ef8bbbd4fc22\" style=\"color:#003870\">Environmental problems claimed 45,000 lives in Sindh in 2009<\/p>\n\n\n\n<ul class=\"wp-block-list\">\n<li>Dawn. July 22, 2015<\/li>\n\n\n\n<li><a href=\"https:\/\/www.dawn.com\/news\/1195597\" target=\"_blank\" rel=\"noreferrer noopener\">See more<\/a><\/li>\n<\/ul>\n\n\n\n<p class=\"has-text-color has-link-color wp-elements-b1521f21efe59db42f2bbcf6ed325108\" style=\"color:#003870\">Study finds pollution is deadlier than war, disaster, hunger <\/p>\n\n\n\n<ul class=\"wp-block-list\">\n<li>Dawn. October 20, 2017<\/li>\n\n\n\n<li><a href=\"https:\/\/www.dawn.com\/news\/1365053\" target=\"_blank\" rel=\"noreferrer noopener\">See moe<\/a><\/li>\n<\/ul>\n<\/div>\n\n\n\n<div class=\"wp-block-column is-vertically-aligned-center is-layout-flow wp-block-column-is-layout-flow\" style=\"flex-basis:33.33%\">\n<figure class=\"wp-block-image size-full is-resized\"><img loading=\"lazy\" decoding=\"async\" width=\"182\" height=\"57\" src=\"https:\/\/sancheztriana.com\/wp-content\/uploads\/2025\/07\/med10.png\" alt=\"\" class=\"wp-image-661\" style=\"width:277px;height:auto\"\/><\/figure>\n<\/div>\n<\/div>\n\n\n\n<div class=\"wp-block-columns is-layout-flex wp-container-core-columns-is-layout-9d6595d7 wp-block-columns-is-layout-flex\">\n<div class=\"wp-block-column is-layout-flow wp-block-column-is-layout-flow\" style=\"flex-basis:66.66%\">\n<p class=\"has-text-color has-link-color wp-elements-68023b3779dcd5d165b5d67d4a3ca1a2\" style=\"color:#003078\">Degradaci\u00f3n ambiental vale $7 billones <\/p>\n\n\n\n<ul class=\"wp-block-list\">\n<li>El Tiempo. Sep 13, 2007<\/li>\n\n\n\n<li><a href=\"https:\/\/www.eltiempo.com\/archivo\/documento\/MAM-2653818\" target=\"_blank\" rel=\"noreferrer noopener\">See more<\/a><\/li>\n<\/ul>\n<\/div>\n\n\n\n<div class=\"wp-block-column is-vertically-aligned-center is-layout-flow wp-block-column-is-layout-flow\" style=\"flex-basis:33.33%\">\n<figure class=\"wp-block-image size-full\"><img loading=\"lazy\" decoding=\"async\" width=\"794\" height=\"149\" src=\"https:\/\/sancheztriana.com\/wp-content\/uploads\/2025\/07\/med11.png\" alt=\"\" class=\"wp-image-665\" srcset=\"https:\/\/sancheztriana.com\/wp-content\/uploads\/2025\/07\/med11.png 794w, https:\/\/sancheztriana.com\/wp-content\/uploads\/2025\/07\/med11-300x56.png 300w, https:\/\/sancheztriana.com\/wp-content\/uploads\/2025\/07\/med11-768x144.png 768w\" sizes=\"auto, (max-width: 794px) 100vw, 794px\" \/><\/figure>\n<\/div>\n<\/div>\n<\/div>\n<\/div>\n\n\n\n<hr class=\"wp-block-separator has-alpha-channel-opacity\"\/>\n","protected":false},"excerpt":{"rendered":"<div class=\"entry-summary\">\nA new study says the global toll of lead exposure is even worse than we thought. Lead poisoning could be&hellip;\n<\/div>\n<div class=\"link-more\"><a href=\"https:\/\/sancheztriana.com\/index.php\/media\/\" class=\"more-link\">Continue reading<span class=\"screen-reader-text\"> &ldquo;Media&rdquo;<\/span>&hellip;<\/a><\/div>\n","protected":false},"author":1,"featured_media":0,"parent":0,"menu_order":0,"comment_status":"closed","ping_status":"closed","template":"","meta":{"footnotes":""},"class_list":["post-624","page","type-page","status-publish","hentry","entry"],"_links":{"self":[{"href":"https:\/\/sancheztriana.com\/index.php\/wp-json\/wp\/v2\/pages\/624","targetHints":{"allow":["GET"]}}],"collection":[{"href":"https:\/\/sancheztriana.com\/index.php\/wp-json\/wp\/v2\/pages"}],"about":[{"href":"https:\/\/sancheztriana.com\/index.php\/wp-json\/wp\/v2\/types\/page"}],"author":[{"embeddable":true,"href":"https:\/\/sancheztriana.com\/index.php\/wp-json\/wp\/v2\/users\/1"}],"replies":[{"embeddable":true,"href":"https:\/\/sancheztriana.com\/index.php\/wp-json\/wp\/v2\/comments?post=624"}],"version-history":[{"count":31,"href":"https:\/\/sancheztriana.com\/index.php\/wp-json\/wp\/v2\/pages\/624\/revisions"}],"predecessor-version":[{"id":722,"href":"https:\/\/sancheztriana.com\/index.php\/wp-json\/wp\/v2\/pages\/624\/revisions\/722"}],"wp:attachment":[{"href":"https:\/\/sancheztriana.com\/index.php\/wp-json\/wp\/v2\/media?parent=624"}],"curies":[{"name":"wp","href":"https:\/\/api.w.org\/{rel}","templated":true}]}}